{"id":26,"date":"2025-02-01T09:07:36","date_gmt":"2025-02-01T08:07:36","guid":{"rendered":"https:\/\/przegladpraski.home.pl\/autoinstalator\/wordpress\/?page_id=26"},"modified":"2025-11-13T15:33:56","modified_gmt":"2025-11-13T14:33:56","slug":"strona-glowna","status":"publish","type":"page","link":"https:\/\/netone.com.pl\/","title":{"rendered":"Strona g\u0142\u00f3wna"},"content":{"rendered":"\n<div class=\"wp-block-cover alignfull is-light hestia-clear-top-padding\"><span aria-hidden=\"true\" class=\"wp-block-cover__background has-white-background-color has-background-dim-100 has-background-dim\"><\/span><div class=\"wp-block-cover__inner-container is-layout-flow wp-block-cover-is-layout-flow\">\n<h2 class=\"wp-block-heading has-text-align-center has-text-color has-large-font-size\" style=\"color:#3c4858\">Czym si\u0119 zajmujemy?<\/h2>\n\n\n\n<div style=\"height:40px\" aria-hidden=\"true\" class=\"wp-block-spacer\"><\/div>\n\n\n\n<div class=\"wp-block-columns container is-layout-flex wp-container-core-columns-is-layout-28f84493 wp-block-columns-is-layout-flex\">\n<div class=\"wp-block-column is-layout-flow wp-block-column-is-layout-flow\"><div class=\"wp-block-image wp-duotone-dark-grayscale\">\n<figure class=\"aligncenter size-large\"><img decoding=\"async\" src=\"https:\/\/przegladpraski.home.pl\/autoinstalator\/wordpress\/wp-content\/themes\/hestia\/assets\/img\/feat1.png\" alt=\"\" class=\"wp-image-70\"\/><\/figure>\n<\/div>\n\n\n<h5 class=\"wp-block-heading has-text-align-center has-text-color\" style=\"color:#3c4858;font-size:18px\">MEDIA<\/h5>\n\n\n\n<p class=\"has-text-align-center has-text-color\" style=\"color:#999999;font-size:14px\">Prowadzimy dzia\u0142ania w zakresie tworzenia wydawnictw &#8211; gazet i czasopism, album\u00f3w, ksi\u0105\u017cek, a tak\u017ce projekt\u00f3w graficznych, kt\u00f3re wspieraj\u0105 dzia\u0142alno\u015b\u0107 firm.<\/p>\n\n\n\n<div style=\"height:25px\" aria-hidden=\"true\" class=\"wp-block-spacer\"><\/div>\n<\/div>\n\n\n\n<div class=\"wp-block-column is-layout-flow wp-block-column-is-layout-flow\"><div class=\"wp-block-image wp-duotone-grayscale\">\n<figure class=\"aligncenter size-large\"><img decoding=\"async\" src=\"https:\/\/przegladpraski.home.pl\/autoinstalator\/wordpress\/wp-content\/themes\/hestia\/assets\/img\/feat2.png\" alt=\"\" class=\"wp-image-71\"\/><\/figure>\n<\/div>\n\n\n<h5 class=\"wp-block-heading has-text-align-center has-text-color\" style=\"color:#3c4858;font-size:18px\">PR<\/h5>\n\n\n\n<p class=\"has-text-align-center has-text-color\" style=\"color:#999999;font-size:14px\">Budujemy wizerunek oparty na przyjaznych relacjach z mediami. Neutralizujemy kryzysy medialne i spo\u0142eczne. Szukamy rozwi\u0105za\u0144, wykorzystuj\u0105c instrumenty media relations i social media.<\/p>\n\n\n\n<div style=\"height:25px\" aria-hidden=\"true\" class=\"wp-block-spacer\"><\/div>\n<\/div>\n\n\n\n<div class=\"wp-block-column is-layout-flow wp-block-column-is-layout-flow\"><div class=\"wp-block-image wp-duotone-dark-grayscale\">\n<figure class=\"aligncenter size-large\"><img decoding=\"async\" src=\"https:\/\/przegladpraski.home.pl\/autoinstalator\/wordpress\/wp-content\/themes\/hestia\/assets\/img\/feat3.png\" alt=\"\" class=\"wp-image-72\"\/><\/figure>\n<\/div>\n\n\n<h5 class=\"wp-block-heading has-text-align-center has-text-color\" style=\"color:#3c4858;font-size:18px\">STRATEGIA<\/h5>\n\n\n\n<p class=\"has-text-align-center has-text-color\" style=\"color:#999999;font-size:14px\">Doradzamy medialnie, w sprawach strategicznych oraz w zakresie komunikacji wewn\u0119trznej. Organizujemy szkolenia, prowadzimy audyty komunikacji.<\/p>\n\n\n\n<div style=\"height:25px\" aria-hidden=\"true\" class=\"wp-block-spacer\"><\/div>\n<\/div>\n<\/div>\n\n\n\n<div style=\"height:40px\" aria-hidden=\"true\" class=\"wp-block-spacer\"><\/div>\n<\/div><\/div>\n\n\n\n<div class=\"wp-block-columns container is-layout-flex wp-container-core-columns-is-layout-28f84493 wp-block-columns-is-layout-flex\">\n<div class=\"wp-block-column col-md-5 is-layout-flow wp-block-column-is-layout-flow\">\n<div style=\"height:55px\" aria-hidden=\"true\" class=\"wp-block-spacer\"><\/div>\n\n\n\n<h2 class=\"wp-block-heading\">Tworzymy lokalne media<\/h2>\n\n\n\n<p>Dzia\u0142amy na p\u0142aszczy\u017anie medi\u00f3w lokalnych, tradycyjnych i elektronicznych. Proponujemy przygotowanie biura prasowego, tworzenie i redakcj\u0119 materia\u0142\u00f3w prasowych wysy\u0142anych do medi\u00f3w. Tworzymy lokalne media, gazety i portale internetowe, a tak\u017ce animacje i filmy o charakterze promocyjnym.<\/p>\n<\/div>\n\n\n\n<div class=\"wp-block-column col-md-6 col-md-offset1 is-layout-flow wp-block-column-is-layout-flow\">\n<div style=\"height:55px\" aria-hidden=\"true\" class=\"wp-block-spacer\"><\/div>\n\n\n\n<figure class=\"wp-block-image size-large\"><img loading=\"lazy\" decoding=\"async\" width=\"1024\" height=\"576\" src=\"http:\/\/przegladpraski.home.pl\/autoinstalator\/wordpress\/wp-content\/uploads\/2025\/02\/netone-press-header2-1024x576.jpg\" alt=\"\" class=\"wp-image-54\" srcset=\"https:\/\/netone.com.pl\/wp-content\/uploads\/2025\/02\/netone-press-header2-1024x576.jpg 1024w, https:\/\/netone.com.pl\/wp-content\/uploads\/2025\/02\/netone-press-header2-300x169.jpg 300w, https:\/\/netone.com.pl\/wp-content\/uploads\/2025\/02\/netone-press-header2-768x432.jpg 768w, https:\/\/netone.com.pl\/wp-content\/uploads\/2025\/02\/netone-press-header2-1536x864.jpg 1536w, https:\/\/netone.com.pl\/wp-content\/uploads\/2025\/02\/netone-press-header2.jpg 1600w\" sizes=\"auto, (max-width: 1024px) 100vw, 1024px\" \/><\/figure>\n\n\n\n<p><\/p>\n<\/div>\n<\/div>\n\n\n\n<p><\/p>\n","protected":false},"excerpt":{"rendered":"<p>Tworzymy lokalne media Dzia\u0142amy na p\u0142aszczy\u017anie medi\u00f3w lokalnych, tradycyjnych i elektronicznych. Proponujemy przygotowanie biura prasowego, tworzenie i redakcj\u0119 materia\u0142\u00f3w prasowych wysy\u0142anych do medi\u00f3w. Tworzymy lokalne media, gazety i portale internetowe, a tak\u017ce animacje i filmy o charakterze promocyjnym.<\/p>\n","protected":false},"author":1,"featured_media":72,"parent":0,"menu_order":0,"comment_status":"closed","ping_status":"closed","template":"","meta":{"footnotes":""},"class_list":["post-26","page","type-page","status-publish","has-post-thumbnail","hentry"],"_links":{"self":[{"href":"https:\/\/netone.com.pl\/index.php\/wp-json\/wp\/v2\/pages\/26","targetHints":{"allow":["GET"]}}],"collection":[{"href":"https:\/\/netone.com.pl\/index.php\/wp-json\/wp\/v2\/pages"}],"about":[{"href":"https:\/\/netone.com.pl\/index.php\/wp-json\/wp\/v2\/types\/page"}],"author":[{"embeddable":true,"href":"https:\/\/netone.com.pl\/index.php\/wp-json\/wp\/v2\/users\/1"}],"replies":[{"embeddable":true,"href":"https:\/\/netone.com.pl\/index.php\/wp-json\/wp\/v2\/comments?post=26"}],"version-history":[{"count":4,"href":"https:\/\/netone.com.pl\/index.php\/wp-json\/wp\/v2\/pages\/26\/revisions"}],"predecessor-version":[{"id":86,"href":"https:\/\/netone.com.pl\/index.php\/wp-json\/wp\/v2\/pages\/26\/revisions\/86"}],"wp:featuredmedia":[{"embeddable":true,"href":"https:\/\/netone.com.pl\/index.php\/wp-json\/wp\/v2\/media\/72"}],"wp:attachment":[{"href":"https:\/\/netone.com.pl\/index.php\/wp-json\/wp\/v2\/media?parent=26"}],"curies":[{"name":"wp","href":"https:\/\/api.w.org\/{rel}","templated":true}]}}